{"id":288,"date":"2023-08-28T00:27:12","date_gmt":"2023-08-27T22:27:12","guid":{"rendered":"http:\/\/www.imageprod.fr\/imageprojacques\/?page_id=288"},"modified":"2023-08-28T00:52:25","modified_gmt":"2023-08-27T22:52:25","slug":"galeries-video","status":"publish","type":"page","link":"http:\/\/www.imageprod.fr\/imageprojacques\/index.php\/galeries-video\/","title":{"rendered":"Galeries Vid\u00e9o"},"content":{"rendered":"\n<figure class=\"wp-block-embed is-type-video is-provider-youtube wp-block-embed-youtube wp-embed-aspect-16-9 wp-has-aspect-ratio\"><div class=\"wp-block-embed__wrapper\">\n<iframe loading=\"lazy\" title=\"Rallye de Finlande 2023, avec Yacco\" width=\"720\" height=\"405\" src=\"https:\/\/www.youtube.com\/embed\/1JAhINo6-BM?feature=oembed\" frameborder=\"0\" allow=\"accelerometer; autoplay; clipboard-write; encrypted-media; gyroscope; picture-in-picture; web-share\" allowfullscreen><\/iframe>\n<\/div><\/figure>\n\n\n\n<figure class=\"wp-block-embed is-type-video is-provider-youtube wp-block-embed-youtube wp-embed-aspect-16-9 wp-has-aspect-ratio\"><div class=\"wp-block-embed__wrapper\">\n<iframe loading=\"lazy\" title=\"Rallye d&#039;Italie-Sardaigne 2023, avec Yacco\" width=\"720\" height=\"405\" src=\"https:\/\/www.youtube.com\/embed\/c-WEOSb-VYI?feature=oembed\" frameborder=\"0\" allow=\"accelerometer; autoplay; clipboard-write; encrypted-media; gyroscope; picture-in-picture; web-share\" allowfullscreen><\/iframe>\n<\/div><\/figure>\n\n\n\n<figure class=\"wp-block-embed is-type-video is-provider-youtube wp-block-embed-youtube wp-embed-aspect-16-9 wp-has-aspect-ratio\"><div class=\"wp-block-embed__wrapper\">\n<iframe loading=\"lazy\" title=\"Rallye du Portugal 2023, avec Yacco\" width=\"720\" height=\"405\" src=\"https:\/\/www.youtube.com\/embed\/_QZU_ZhNHQ8?feature=oembed\" frameborder=\"0\" allow=\"accelerometer; autoplay; clipboard-write; encrypted-media; gyroscope; picture-in-picture; web-share\" allowfullscreen><\/iframe>\n<\/div><\/figure>\n\n\n\n<figure class=\"wp-block-embed is-type-video is-provider-youtube wp-block-embed-youtube wp-embed-aspect-16-9 wp-has-aspect-ratio\"><div class=\"wp-block-embed__wrapper\">\n<iframe loading=\"lazy\" title=\"Rallye de Croatie 2023, avec Yacco\" width=\"720\" height=\"405\" src=\"https:\/\/www.youtube.com\/embed\/2LZZVlOukuk?feature=oembed\" frameborder=\"0\" allow=\"accelerometer; autoplay; clipboard-write; encrypted-media; gyroscope; picture-in-picture; web-share\" allowfullscreen><\/iframe>\n<\/div><\/figure>\n\n\n\n<figure class=\"wp-block-embed is-type-video is-provider-youtube wp-block-embed-youtube wp-embed-aspect-16-9 wp-has-aspect-ratio\"><div class=\"wp-block-embed__wrapper\">\n<iframe loading=\"lazy\" title=\"Rallye Monte-carlo, avec Yacco\" width=\"720\" height=\"405\" src=\"https:\/\/www.youtube.com\/embed\/xhrv-dZhjDE?feature=oembed\" frameborder=\"0\" allow=\"accelerometer; autoplay; clipboard-write; encrypted-media; gyroscope; picture-in-picture; web-share\" allowfullscreen><\/iframe>\n<\/div><\/figure>\n\n\n\n<figure class=\"wp-block-embed is-type-video is-provider-youtube wp-block-embed-youtube wp-embed-aspect-16-9 wp-has-aspect-ratio\"><div class=\"wp-block-embed__wrapper\">\n<iframe loading=\"lazy\" title=\"Gestes qui sauvent\" width=\"720\" height=\"405\" src=\"https:\/\/www.youtube.com\/embed\/xfUHYRI8wcw?feature=oembed\" frameborder=\"0\" allow=\"accelerometer; autoplay; clipboard-write; encrypted-media; gyroscope; picture-in-picture; web-share\" allowfullscreen><\/iframe>\n<\/div><\/figure>\n\n\n\n<figure class=\"wp-block-embed is-type-video is-provider-youtube wp-block-embed-youtube wp-embed-aspect-16-9 wp-has-aspect-ratio\"><div class=\"wp-block-embed__wrapper\">\n<iframe loading=\"lazy\" title=\"SDMIS officiel : C\u00e9r\u00e9monie en m\u00e9moire des sapeurs-pompiers morts lors de la catastrophe de Feyzin\" width=\"720\" height=\"405\" src=\"https:\/\/www.youtube.com\/embed\/AhP1MK8QgSE?feature=oembed\" frameborder=\"0\" allow=\"accelerometer; autoplay; clipboard-write; encrypted-media; gyroscope; picture-in-picture; web-share\" allowfullscreen><\/iframe>\n<\/div><\/figure>\n\n\n\n<figure class=\"wp-block-embed is-type-video is-provider-youtube wp-block-embed-youtube wp-embed-aspect-16-9 wp-has-aspect-ratio\"><div class=\"wp-block-embed__wrapper\">\n<iframe loading=\"lazy\" title=\"SDMIS officiel : C\u00e9r\u00e9monie de remise des m\u00e9dailles et pr\u00e9sentation des voeux SDMIS 2018\" width=\"720\" height=\"405\" src=\"https:\/\/www.youtube.com\/embed\/_Bv9CmTAuwE?feature=oembed\" frameborder=\"0\" allow=\"accelerometer; autoplay; clipboard-write; encrypted-media; gyroscope; picture-in-picture; web-share\" allowfullscreen><\/iframe>\n<\/div><\/figure>\n\n\n\n<figure class=\"wp-block-embed is-type-video is-provider-youtube wp-block-embed-youtube wp-embed-aspect-16-9 wp-has-aspect-ratio\"><div class=\"wp-block-embed__wrapper\">\n<iframe loading=\"lazy\" title=\"SDMIS officiel : 58\u00e8me Cross d\u00e9partemental et m\u00e9tropolitain\" width=\"720\" height=\"405\" src=\"https:\/\/www.youtube.com\/embed\/6R3QAyA3mN8?feature=oembed\" frameborder=\"0\" allow=\"accelerometer; autoplay; clipboard-write; encrypted-media; gyroscope; picture-in-picture; web-share\" allowfullscreen><\/iframe>\n<\/div><\/figure>\n","protected":false},"excerpt":{"rendered":"","protected":false},"author":1,"featured_media":0,"parent":0,"menu_order":0,"comment_status":"closed","ping_status":"closed","template":"","meta":{"_kad_post_transparent":"","_kad_post_title":"","_kad_post_layout":"","_kad_post_sidebar_id":"","_kad_post_content_style":"","_kad_post_vertical_padding":"","_kad_post_feature":"","_kad_post_feature_position":"","_kad_post_header":false,"_kad_post_footer":false,"footnotes":""},"class_list":["post-288","page","type-page","status-publish","hentry"],"_links":{"self":[{"href":"http:\/\/www.imageprod.fr\/imageprojacques\/index.php\/wp-json\/wp\/v2\/pages\/288","targetHints":{"allow":["GET"]}}],"collection":[{"href":"http:\/\/www.imageprod.fr\/imageprojacques\/index.php\/wp-json\/wp\/v2\/pages"}],"about":[{"href":"http:\/\/www.imageprod.fr\/imageprojacques\/index.php\/wp-json\/wp\/v2\/types\/page"}],"author":[{"embeddable":true,"href":"http:\/\/www.imageprod.fr\/imageprojacques\/index.php\/wp-json\/wp\/v2\/users\/1"}],"replies":[{"embeddable":true,"href":"http:\/\/www.imageprod.fr\/imageprojacques\/index.php\/wp-json\/wp\/v2\/comments?post=288"}],"version-history":[{"count":4,"href":"http:\/\/www.imageprod.fr\/imageprojacques\/index.php\/wp-json\/wp\/v2\/pages\/288\/revisions"}],"predecessor-version":[{"id":300,"href":"http:\/\/www.imageprod.fr\/imageprojacques\/index.php\/wp-json\/wp\/v2\/pages\/288\/revisions\/300"}],"wp:attachment":[{"href":"http:\/\/www.imageprod.fr\/imageprojacques\/index.php\/wp-json\/wp\/v2\/media?parent=288"}],"curies":[{"name":"wp","href":"https:\/\/api.w.org\/{rel}","templated":true}]}}