{"id":304,"date":"2023-08-28T08:11:52","date_gmt":"2023-08-28T06:11:52","guid":{"rendered":"http:\/\/www.imageprod.fr\/imageprojacques\/?page_id=304"},"modified":"2023-09-03T22:37:33","modified_gmt":"2023-09-03T20:37:33","slug":"boutique","status":"publish","type":"page","link":"http:\/\/www.imageprod.fr\/imageprojacques\/index.php\/boutique\/","title":{"rendered":"Boutique"},"content":{"rendered":"\n<p>Les photos publi\u00e9es dans les galeries \u00ab\u00a0Evasion\u00a0\u00bb et \u00ab\u00a0Rallye\u00a0\u00bb  sont toutes commercialis\u00e9es sous forme de poster tir\u00e9s en laboratoire professionnel au travers de cette boutique.<\/p>\n\n\n\n<p>Pour commander, remplir le formulaire ci-dessous, un email de confirmation vous sera adress\u00e9 sous 48 heures maximum avec une facture compl\u00e8te et un lien de paiement. Comptez ensuite un d\u00e9lai de livraison de 7 jours ouvr\u00e9s.<\/p>\n\n\n\n<p><strong>Dans le message, pr\u00e9cisez votre  le num\u00e9ro de r\u00e9f\u00e9rence de la ou les photos souhait\u00e9es (clic droit sur la photo et copiez l&rsquo;adresse de l&rsquo;image puis collez dans votre message ci-dessous) et la dimension retenue.<\/strong><\/p>\n\n\n\n<p>Tarifs des tirages selon les dimensions :<\/p>\n\n\n\n<p>Tirage 20&#215;12 sur papier argentique satin\u00e9 : 10 \u20ac<\/p>\n\n\n\n<p>Tirage 40&#215;24 sur papier argentique satin\u00e9 : 25 \u20ac<\/p>\n\n\n\n<p>Tirage 70&#215;42 sur papier argentique satin\u00e9 : 50 \u20ac<\/p>\n\n\n\n<p>Tirage 100&#215;60 sur papier argentique satin\u00e9 : 95 \u20ac<\/p>\n\n\n\n<p>Frais de port en Colissimo en sus, \u00e9valu\u00e9 en fonction de votre commande globale<\/p>\n\n\n\n<div class=\"wp-block-kadence-form kadence-form-304_3a8aa0-f8 kb-form-wrap\"><form class=\"kb-form\" action=\"\" method=\"post\"><div class=\"kadence-blocks-form-field kb-field-desk-width-100 kb-input-size-standard\"><label for=\"kb_field_304_3a8aa0-f8_0\">Name<span class=\"required\">*<\/span><\/label><input name=\"kb_field_0\" id=\"kb_field_304_3a8aa0-f8_0\" data-label=\"Name\" type=\"text\" placeholder=\"\" value=\"\" data-type=\"text\" class=\"kb-field kb-text-style-field kb-text-field kb-field-0\" data-required=\"yes\"\/><\/div><div class=\"kadence-blocks-form-field kb-form-field-1 kb-field-desk-width-100 kb-input-size-standard\"><label for=\"kb_field_304_3a8aa0-f8_1\">Email<span class=\"required\">*<\/span><\/label><input name=\"kb_field_1\" id=\"kb_field_304_3a8aa0-f8_1\" data-label=\"Email\" type=\"email\" placeholder=\"\" value=\"\" data-type=\"email\" class=\"kb-field kb-text-style-field kb-email-field kb-field-1\" data-required=\"yes\"\/><\/div><div class=\"kadence-blocks-form-field kb-form-field-2 kb-field-desk-width-100 kb-input-size-standard\"><label for=\"kb_field_304_3a8aa0-f8_2\">Message<span class=\"required\">*<\/span><\/label><textarea name=\"kb_field_2\" id=\"kb_field_304_3a8aa0-f8_2\" data-label=\"Message\" type=\"textarea\" placeholder=\"\" data-type=\"textarea\" class=\"kb-field kb-text-style-field kb-textarea-field kb-field-2\" rows=\"4\" data-required=\"yes\"><\/textarea><\/div><div class=\"kadence-blocks-form-field kb-form-field-3 kb-field-desk-width-100 kb-input-size-standard\"><label for=\"kb_field_304_3a8aa0-f8_3\">Adresse _ ligne 1<span class=\"required\">*<\/span><\/label><input name=\"kb_field_3\" id=\"kb_field_304_3a8aa0-f8_3\" data-label=\"Adresse _ ligne 1\" type=\"text\" placeholder=\"\" value=\"\" data-type=\"text\" class=\"kb-field kb-text-style-field kb-text-field kb-field-3\" autocomplete=\"address-line1\" data-required=\"yes\"\/><\/div><div class=\"kadence-blocks-form-field kb-form-field-4 kb-field-desk-width-100 kb-input-size-standard\"><label for=\"kb_field_304_3a8aa0-f8_4\">Adresse _ ligne 2<\/label><input name=\"kb_field_4\" id=\"kb_field_304_3a8aa0-f8_4\" data-label=\"Adresse _ ligne 2\" type=\"text\" placeholder=\"\" value=\"\" data-type=\"text\" class=\"kb-field kb-text-style-field kb-text-field kb-field-4\" autocomplete=\"address-line2\"\/><\/div><div class=\"kadence-blocks-form-field kb-form-field-5 kb-field-desk-width-100 kb-input-size-standard\"><label for=\"kb_field_304_3a8aa0-f8_5\">Ville<span class=\"required\">*<\/span><\/label><input name=\"kb_field_5\" id=\"kb_field_304_3a8aa0-f8_5\" data-label=\"Ville\" type=\"text\" placeholder=\"\" value=\"\" data-type=\"text\" class=\"kb-field kb-text-style-field kb-text-field kb-field-5\" autocomplete=\"country-name\" data-required=\"yes\"\/><\/div><div class=\"kadence-blocks-form-field kb-form-field-6 kb-field-desk-width-100 kb-input-size-standard\"><label for=\"kb_field_304_3a8aa0-f8_6\">Code postal<span class=\"required\">*<\/span><\/label><input name=\"kb_field_6\" id=\"kb_field_304_3a8aa0-f8_6\" data-label=\"Code postal\" type=\"text\" placeholder=\"\" value=\"\" data-type=\"text\" class=\"kb-field kb-text-style-field kb-text-field kb-field-6\" autocomplete=\"postal-code\" data-required=\"yes\"\/><\/div><div class=\"kadence-blocks-form-field kb-form-field-7 kb-field-desk-width-100 kb-input-size-standard\"><label for=\"kb_field_304_3a8aa0-f8_7\">Pays<span class=\"required\">*<\/span><\/label><input name=\"kb_field_7\" id=\"kb_field_304_3a8aa0-f8_7\" data-label=\"Pays\" type=\"text\" placeholder=\"\" value=\"\" data-type=\"text\" class=\"kb-field kb-text-style-field kb-text-field kb-field-7\" autocomplete=\"country-name\" data-required=\"yes\"\/><\/div><input type=\"hidden\" name=\"_kb_form_id\" value=\"304_3a8aa0-f8\"\/><input type=\"hidden\" name=\"_kb_form_post_id\" value=\"304\"\/><input type=\"hidden\" name=\"action\" value=\"kb_process_ajax_submit\"\/><input class=\"kadence-blocks-field verify\" type=\"text\" name=\"_kb_verify_email\" autocomplete=\"new-password\" aria-hidden=\"true\" placeholder=\"Email\" tabindex=\"-1\" data-1p-ignore=\"true\" data-lpignore=\"true\" \/><div class=\"kadence-blocks-form-field kb-submit-field kb-field-desk-width-100\"><button class=\"kb-forms-submit button kb-button-size-standard kb-button-width-auto\">Submit<\/button><\/div><\/form><\/div>\n<noscript><div class=\"kadence-blocks-form-message kadence-blocks-form-warning\">Please enable JavaScript in your browser to submit the form<\/div><style>.kadence-form-304_3a8aa0-f8 .kadence-blocks-form-field.kb-submit-field { display: none; }<\/style><\/noscript>\n\n\n<p><\/p>\n","protected":false},"excerpt":{"rendered":"<p>Les photos publi\u00e9es dans les galeries \u00ab\u00a0Evasion\u00a0\u00bb et \u00ab\u00a0Rallye\u00a0\u00bb sont toutes commercialis\u00e9es sous forme de poster tir\u00e9s en laboratoire professionnel au travers de cette boutique. Pour commander, remplir le formulaire ci-dessous, un email de confirmation vous sera adress\u00e9 sous 48 heures maximum avec une facture compl\u00e8te et un lien de paiement. Comptez ensuite un d\u00e9lai&#8230;<\/p>\n","protected":false},"author":1,"featured_media":0,"parent":0,"menu_order":0,"comment_status":"closed","ping_status":"closed","template":"","meta":{"_kad_post_transparent":"","_kad_post_title":"","_kad_post_layout":"","_kad_post_sidebar_id":"","_kad_post_content_style":"","_kad_post_vertical_padding":"","_kad_post_feature":"","_kad_post_feature_position":"","_kad_post_header":false,"_kad_post_footer":false,"footnotes":""},"class_list":["post-304","page","type-page","status-publish","hentry"],"_links":{"self":[{"href":"http:\/\/www.imageprod.fr\/imageprojacques\/index.php\/wp-json\/wp\/v2\/pages\/304","targetHints":{"allow":["GET"]}}],"collection":[{"href":"http:\/\/www.imageprod.fr\/imageprojacques\/index.php\/wp-json\/wp\/v2\/pages"}],"about":[{"href":"http:\/\/www.imageprod.fr\/imageprojacques\/index.php\/wp-json\/wp\/v2\/types\/page"}],"author":[{"embeddable":true,"href":"http:\/\/www.imageprod.fr\/imageprojacques\/index.php\/wp-json\/wp\/v2\/users\/1"}],"replies":[{"embeddable":true,"href":"http:\/\/www.imageprod.fr\/imageprojacques\/index.php\/wp-json\/wp\/v2\/comments?post=304"}],"version-history":[{"count":7,"href":"http:\/\/www.imageprod.fr\/imageprojacques\/index.php\/wp-json\/wp\/v2\/pages\/304\/revisions"}],"predecessor-version":[{"id":434,"href":"http:\/\/www.imageprod.fr\/imageprojacques\/index.php\/wp-json\/wp\/v2\/pages\/304\/revisions\/434"}],"wp:attachment":[{"href":"http:\/\/www.imageprod.fr\/imageprojacques\/index.php\/wp-json\/wp\/v2\/media?parent=304"}],"curies":[{"name":"wp","href":"https:\/\/api.w.org\/{rel}","templated":true}]}}