{"id":70,"date":"2023-08-27T21:00:17","date_gmt":"2023-08-27T19:00:17","guid":{"rendered":"http:\/\/www.imageprod.fr\/imageprojacques\/?page_id=70"},"modified":"2023-08-28T08:49:48","modified_gmt":"2023-08-28T06:49:48","slug":"references","status":"publish","type":"page","link":"http:\/\/www.imageprod.fr\/imageprojacques\/index.php\/references\/","title":{"rendered":"R\u00e9f\u00e9rences"},"content":{"rendered":"\n<p><strong>Ils nous ont fait confiance pour des prestations Photo, Vid\u00e9o ou Drone :<\/strong><\/p>\n\n\n\n<p>YACCO<\/p>\n\n\n\n<p>TOYOTA GAZOO RACING<\/p>\n\n\n\n<p>RTBF<\/p>\n\n\n\n<p>STAR PRODUCTION (dans le cadre de prestations pour MICHELIN MOTORSPORT et pour CANAL+)<\/p>\n\n\n\n<p>MSPORT (Team FORD engag\u00e9 en Championnat du Monde WRC)<\/p>\n\n\n\n<p>SDMIS (Service D\u00e9partemental et M\u00e9tropolitain d&rsquo;Incendie et de Secours &#8211; Rhone)<\/p>\n\n\n\n<p>WRC<\/p>\n\n\n\n<p>S\u00e9bastien OGIER<\/p>\n\n\n\n<p>Adrien FOURMAUX<\/p>\n","protected":false},"excerpt":{"rendered":"<p>Ils nous ont fait confiance pour des prestations Photo, Vid\u00e9o ou Drone : YACCO TOYOTA GAZOO RACING RTBF STAR PRODUCTION (dans le cadre de prestations pour MICHELIN MOTORSPORT et pour CANAL+) MSPORT (Team FORD engag\u00e9 en Championnat du Monde WRC) SDMIS (Service D\u00e9partemental et M\u00e9tropolitain d&rsquo;Incendie et de Secours &#8211; Rhone) WRC S\u00e9bastien OGIER Adrien&#8230;<\/p>\n","protected":false},"author":1,"featured_media":0,"parent":0,"menu_order":0,"comment_status":"closed","ping_status":"closed","template":"","meta":{"_kad_post_transparent":"","_kad_post_title":"","_kad_post_layout":"","_kad_post_sidebar_id":"","_kad_post_content_style":"","_kad_post_vertical_padding":"","_kad_post_feature":"","_kad_post_feature_position":"","_kad_post_header":false,"_kad_post_footer":false,"footnotes":""},"class_list":["post-70","page","type-page","status-publish","hentry"],"_links":{"self":[{"href":"http:\/\/www.imageprod.fr\/imageprojacques\/index.php\/wp-json\/wp\/v2\/pages\/70","targetHints":{"allow":["GET"]}}],"collection":[{"href":"http:\/\/www.imageprod.fr\/imageprojacques\/index.php\/wp-json\/wp\/v2\/pages"}],"about":[{"href":"http:\/\/www.imageprod.fr\/imageprojacques\/index.php\/wp-json\/wp\/v2\/types\/page"}],"author":[{"embeddable":true,"href":"http:\/\/www.imageprod.fr\/imageprojacques\/index.php\/wp-json\/wp\/v2\/users\/1"}],"replies":[{"embeddable":true,"href":"http:\/\/www.imageprod.fr\/imageprojacques\/index.php\/wp-json\/wp\/v2\/comments?post=70"}],"version-history":[{"count":6,"href":"http:\/\/www.imageprod.fr\/imageprojacques\/index.php\/wp-json\/wp\/v2\/pages\/70\/revisions"}],"predecessor-version":[{"id":314,"href":"http:\/\/www.imageprod.fr\/imageprojacques\/index.php\/wp-json\/wp\/v2\/pages\/70\/revisions\/314"}],"wp:attachment":[{"href":"http:\/\/www.imageprod.fr\/imageprojacques\/index.php\/wp-json\/wp\/v2\/media?parent=70"}],"curies":[{"name":"wp","href":"https:\/\/api.w.org\/{rel}","templated":true}]}}